{"id":45,"date":"2020-08-03T20:39:32","date_gmt":"2020-08-03T18:39:32","guid":{"rendered":"https:\/\/megaspacefighter.com\/?page_id=45"},"modified":"2025-09-23T16:48:46","modified_gmt":"2025-09-23T14:48:46","slug":"o-mnie","status":"publish","type":"page","link":"https:\/\/megaspacefighter.com\/en\/o-mnie\/","title":{"rendered":"About us"},"content":{"rendered":"<div data-elementor-type=\"wp-page\" data-elementor-id=\"45\" class=\"elementor elementor-45\">\n\t\t\t\t\t\t<section class=\"elementor-section elementor-top-section elementor-element elementor-element-86a17b6 elementor-section-boxed elementor-section-height-default elementor-section-height-default\" data-id=\"86a17b6\" data-element_type=\"section\">\n\t\t\t\t\t\t<div class=\"elementor-container elementor-column-gap-default\">\n\t\t\t\t\t<div class=\"elementor-column elementor-col-100 elementor-top-column elementor-element elementor-element-bba522e\" data-id=\"bba522e\" data-element_type=\"column\">\n\t\t\t<div class=\"elementor-widget-wrap elementor-element-populated\">\n\t\t\t\t\t\t<div class=\"elementor-element elementor-element-caad4fb elementor-widget elementor-widget-heading\" data-id=\"caad4fb\" data-element_type=\"widget\" data-widget_type=\"heading.default\">\n\t\t\t\t<div class=\"elementor-widget-container\">\n\t\t\t\t\t<h2 class=\"elementor-heading-title elementor-size-default\">About us<\/h2>\t\t\t\t<\/div>\n\t\t\t\t<\/div>\n\t\t\t\t<div class=\"elementor-element elementor-element-dec5a3e elementor-widget elementor-widget-text-editor\" data-id=\"dec5a3e\" data-element_type=\"widget\" data-widget_type=\"text-editor.default\">\n\t\t\t\t<div class=\"elementor-widget-container\">\n\t\t\t\t\t\t\t\t\t<p>MegaSpaceFighter Productions began as a home studio founded by Kamil Janko in 2010.\nToday, it has grown into a fully fledged company based in Warsaw\u2019s \u017boliborz district, run by a team of over a dozen specialists in their respective fields.\u00a0<\/p>\t\t\t\t\t\t\t\t<\/div>\n\t\t\t\t<\/div>\n\t\t\t\t<div class=\"elementor-element elementor-element-8ea8606 elementor-widget elementor-widget-image\" data-id=\"8ea8606\" data-element_type=\"widget\" data-widget_type=\"image.default\">\n\t\t\t\t<div class=\"elementor-widget-container\">\n\t\t\t\t\t\t\t\t\t\t\t\t\t\t\t<img fetchpriority=\"high\" decoding=\"async\" width=\"2048\" height=\"1365\" src=\"https:\/\/megaspacefighter.com\/wp-content\/uploads\/2025\/04\/DSC05568.jpg\" class=\"attachment-2048x2048 size-2048x2048 wp-image-1307\" alt=\"\" srcset=\"https:\/\/megaspacefighter.com\/wp-content\/uploads\/2025\/04\/DSC05568.jpg 2048w, https:\/\/megaspacefighter.com\/wp-content\/uploads\/2025\/04\/DSC05568-300x200.jpg 300w, https:\/\/megaspacefighter.com\/wp-content\/uploads\/2025\/04\/DSC05568-1024x683.jpg 1024w, https:\/\/megaspacefighter.com\/wp-content\/uploads\/2025\/04\/DSC05568-768x512.jpg 768w, https:\/\/megaspacefighter.com\/wp-content\/uploads\/2025\/04\/DSC05568-1536x1024.jpg 1536w, https:\/\/megaspacefighter.com\/wp-content\/uploads\/2025\/04\/DSC05568-18x12.jpg 18w\" sizes=\"(max-width: 2048px) 100vw, 2048px\" \/>\t\t\t\t\t\t\t\t\t\t\t\t\t\t\t<\/div>\n\t\t\t\t<\/div>\n\t\t\t\t<section class=\"elementor-section elementor-inner-section elementor-element elementor-element-95b8e60 elementor-section-boxed elementor-section-height-default elementor-section-height-default\" data-id=\"95b8e60\" data-element_type=\"section\">\n\t\t\t\t\t\t<div class=\"elementor-container elementor-column-gap-default\">\n\t\t\t\t\t<div class=\"elementor-column elementor-col-100 elementor-inner-column elementor-element elementor-element-a5d5936\" data-id=\"a5d5936\" data-element_type=\"column\">\n\t\t\t<div class=\"elementor-widget-wrap elementor-element-populated\">\n\t\t\t\t\t\t<div class=\"elementor-element elementor-element-cce796e elementor-widget elementor-widget-text-editor\" data-id=\"cce796e\" data-element_type=\"widget\" data-widget_type=\"text-editor.default\">\n\t\t\t\t<div class=\"elementor-widget-container\">\n\t\t\t\t\t\t\t\t\t<p>The studio deals with the comprehensive production of stop-motion and computer animations, commercials and short feature films.<\/p>\t\t\t\t\t\t\t\t<\/div>\n\t\t\t\t<\/div>\n\t\t\t\t\t<\/div>\n\t\t<\/div>\n\t\t\t\t\t<\/div>\n\t\t<\/section>\n\t\t\t\t<div class=\"elementor-element elementor-element-f34f62e elementor-widget-divider--view-line elementor-widget elementor-widget-divider\" data-id=\"f34f62e\" data-element_type=\"widget\" data-widget_type=\"divider.default\">\n\t\t\t\t<div class=\"elementor-widget-container\">\n\t\t\t\t\t\t\t<div class=\"elementor-divider\">\n\t\t\t<span class=\"elementor-divider-separator\">\n\t\t\t\t\t\t<\/span>\n\t\t<\/div>\n\t\t\t\t\t\t<\/div>\n\t\t\t\t<\/div>\n\t\t\t\t<section class=\"elementor-section elementor-inner-section elementor-element elementor-element-7194264 elementor-section-boxed elementor-section-height-default elementor-section-height-default\" data-id=\"7194264\" data-element_type=\"section\">\n\t\t\t\t\t\t<div class=\"elementor-container elementor-column-gap-default\">\n\t\t\t\t\t<div class=\"elementor-column elementor-col-100 elementor-inner-column elementor-element elementor-element-c35ea16\" data-id=\"c35ea16\" data-element_type=\"column\">\n\t\t\t<div class=\"elementor-widget-wrap elementor-element-populated\">\n\t\t\t\t\t\t<div class=\"elementor-element elementor-element-3942668 elementor-widget elementor-widget-text-editor\" data-id=\"3942668\" data-element_type=\"widget\" data-widget_type=\"text-editor.default\">\n\t\t\t\t<div class=\"elementor-widget-container\">\n\t\t\t\t\t\t\t\t\t<p><span style=\"font-weight: 400;\">They say that if you do what you love, you\u2019re truly lucky. And that\u2019s exactly how each of us feels. Although we come from different backgrounds and bring diverse experiences, we are united by one thing - a passion for animation.<\/span><\/p><p><span style=\"font-weight: 400;\">When we began our journey in 2010, we couldn\u2019t imagine that one day we would be creating advertising and branding projects, short films, and perhaps, in the future, even full-length productions.<\/span><\/p><p><span style=\"font-weight: 400;\">One thing is certain: when people connected by passion and curiosity come together, ordinary work turns into an adventure. It\u2019s this very energy that allows us to create animations that inspire and make the impossible feel within reach.<\/span><\/p><p><span style=\"font-weight: 400;\">\u00a0<\/span><\/p>\t\t\t\t\t\t\t\t<\/div>\n\t\t\t\t<\/div>\n\t\t\t\t\t<\/div>\n\t\t<\/div>\n\t\t\t\t\t<\/div>\n\t\t<\/section>\n\t\t\t\t<div class=\"elementor-element elementor-element-524a767 elementor-widget-divider--view-line elementor-widget elementor-widget-divider\" data-id=\"524a767\" data-element_type=\"widget\" data-widget_type=\"divider.default\">\n\t\t\t\t<div class=\"elementor-widget-container\">\n\t\t\t\t\t\t\t<div class=\"elementor-divider\">\n\t\t\t<span class=\"elementor-divider-separator\">\n\t\t\t\t\t\t<\/span>\n\t\t<\/div>\n\t\t\t\t\t\t<\/div>\n\t\t\t\t<\/div>\n\t\t\t\t<div class=\"elementor-element elementor-element-64d1341 elementor-widget elementor-widget-image\" data-id=\"64d1341\" data-element_type=\"widget\" data-widget_type=\"image.default\">\n\t\t\t\t<div class=\"elementor-widget-container\">\n\t\t\t\t\t\t\t\t\t\t\t\t\t\t\t<img decoding=\"async\" width=\"668\" height=\"376\" src=\"https:\/\/megaspacefighter.com\/wp-content\/uploads\/2020\/08\/Zrzut-ekranu-2017-09-03-22.45.25.png\" class=\"attachment-2048x2048 size-2048x2048 wp-image-70\" alt=\"\" srcset=\"https:\/\/megaspacefighter.com\/wp-content\/uploads\/2020\/08\/Zrzut-ekranu-2017-09-03-22.45.25.png 668w, https:\/\/megaspacefighter.com\/wp-content\/uploads\/2020\/08\/Zrzut-ekranu-2017-09-03-22.45.25-300x169.png 300w\" sizes=\"(max-width: 668px) 100vw, 668px\" \/>\t\t\t\t\t\t\t\t\t\t\t\t\t\t\t<\/div>\n\t\t\t\t<\/div>\n\t\t\t\t<div class=\"elementor-element elementor-element-7aa9483 elementor-invisible elementor-widget elementor-widget-heading\" data-id=\"7aa9483\" data-element_type=\"widget\" data-settings=\"{&quot;_animation&quot;:&quot;tada&quot;}\" data-widget_type=\"heading.default\">\n\t\t\t\t<div class=\"elementor-widget-container\">\n\t\t\t\t\t<h2 class=\"elementor-heading-title elementor-size-default\">Our work has been appreciated at many film festivals. <\/h2>\t\t\t\t<\/div>\n\t\t\t\t<\/div>\n\t\t\t\t<div class=\"elementor-element elementor-element-5ad8ee7 elementor-invisible elementor-widget elementor-widget-text-editor\" data-id=\"5ad8ee7\" data-element_type=\"widget\" data-settings=\"{&quot;_animation&quot;:&quot;headShake&quot;}\" data-widget_type=\"text-editor.default\">\n\t\t\t\t<div class=\"elementor-widget-container\">\n\t\t\t\t\t\t\t\t\t<p>Among others on:<\/p><ul><li>Webby Awards 2025 &#8211;\u00a0<span style=\"font-family: var(--typography_fonts_text); font-size: var(--typography_size_html);\">People&#8217;s Voice Winner,\u00a0<\/span><span style=\"font-family: var(--typography_fonts_text); font-size: var(--typography_size_html);\">Video &amp; Film,\u00a0<\/span><span style=\"font-family: var(--typography_fonts_text); font-size: var(--typography_size_html);\">Short Form (Branded)<\/span><\/li><li><span style=\"font-family: var(--typography_fonts_text); font-size: var(--typography_size_html);\">Webby Awards 2025 &#8211;\u00a0<\/span>People&#8217;s Voice Winner, Video &amp; Film, Corporate Social Responsibility (Branded) 2025<\/li><li>Grand Video Awards 2023 \u2013 Main Award in Branded Content category<\/li><li><span style=\"font-weight: 400;\">Grand Video Awards 2020 - Main award for the best videotutorial (Poland)<\/span><\/li><li><span style=\"font-weight: 400;\">Grand Video Awards 2019 - Main award (Poland)<\/span><\/li><li style=\"font-weight: 400;\"><span style=\"font-weight: 400;\">Grand Prix &amp; Audience Award \u2013 X KFA KLAPS (Poland)<\/span><\/li><li style=\"font-weight: 400;\"><span style=\"font-weight: 400;\">12th OFFeliada Film Festival - Special Award of the Festival Director \"ROZENKRANC\" (Poland)<\/span><\/li><li style=\"font-weight: 400;\"><span style=\"font-weight: 400;\">5 Stars Award \u2013 British International Amateur Film Festival 2019 (UK)<\/span><\/li><li style=\"font-weight: 400;\"><span style=\"font-weight: 400;\">Project Mars Competition \u2013 Finalist (USA)<\/span><\/li><li style=\"font-weight: 400;\"><span style=\"font-weight: 400;\">O!PLA 2019 - official selection category OFF&amp;GO! (Poland)<\/span><\/li><li style=\"font-weight: 400;\"><span style=\"font-weight: 400;\">65th Og\u00f3lnopolski Konkurs Film\u00f3w Niezale\u017cnych im. prof. Henryka Kluby OKFA - Official selection (Poland)<\/span><\/li><li style=\"font-weight: 400;\"><span style=\"font-weight: 400;\">Up-and-going 15. Intern. Film Festival Hannover \u2013 Official selection (Germany)\u00a0<\/span><\/li><li style=\"font-weight: 400;\"><span style=\"font-weight: 400;\">Konkurs Film\u00f3w Odrzutowych Hyde Park \u2013 12. Kameralne Lato - Main Award (Poland)<\/span><\/li><li style=\"font-weight: 400;\"><span style=\"font-weight: 400;\">Independent Film Competition 11. Solanin in Nowa S\u00f3l - Distinction (Poland)<\/span><\/li><li style=\"font-weight: 400;\"><span style=\"font-weight: 400;\">7th Cine Brick International Brick Film Festival - official selection (Portugal)<\/span><\/li><li style=\"font-weight: 400;\"><span style=\"font-weight: 400;\">Young Animation Festival of Polish Animated Films - Main Competition (Poland)<\/span><\/li><li><span style=\"font-weight: 400;\">36th International Film Festival UpTo21 \u2013 3rd place<\/span><\/li><\/ul>\t\t\t\t\t\t\t\t<\/div>\n\t\t\t\t<\/div>\n\t\t\t\t\t<\/div>\n\t\t<\/div>\n\t\t\t\t\t<\/div>\n\t\t<\/section>\n\t\t\t\t<\/div>","protected":false},"excerpt":{"rendered":"<div class=\"entry-summary\">\nO nas MegaSpaceFighter Productions zaczyna\u0142o jako studio domowe, za\u0142o\u017cone przez Kamila Janko w 2010 roku. Dzisiaj jest ju\u017c pe\u0142noprawn\u0105 firm\u0105 z siedzib\u0105 na warszawskim \u017boliborzu tworzon\u0105 przez kilkunastoosobowy zesp\u00f3\u0142 specjalist\u00f3w w swoich dziedzinach.\u00a0 Studio zajmuje si\u0119 kompleksow\u0105 produkcj\u0105 animacji poklatkowych oraz komputerowych, spot\u00f3w reklamowych i kr\u00f3tkometra\u017cowych film\u00f3w fabularnych. M\u00f3wi si\u0119, \u017ce je\u015bli robisz to, co&hellip;\n<\/div>\n<div class=\"link-more\"><a href=\"https:\/\/megaspacefighter.com\/en\/o-mnie\/\" class=\"more-link\">Continue reading<span class=\"screen-reader-text\"> &ldquo;O nas&rdquo;<\/span>&hellip;<\/a><\/div>","protected":false},"author":1,"featured_media":0,"parent":0,"menu_order":0,"comment_status":"closed","ping_status":"closed","template":"templates\/no-intro.php","meta":{"_acf_changed":false,"footnotes":""},"class_list":["post-45","page","type-page","status-publish","hentry","entry"],"acf":[],"yoast_head":"<!-- This site is optimized with the Yoast SEO plugin v26.7 - https:\/\/yoast.com\/wordpress\/plugins\/seo\/ -->\n<title>O nas - MegaSpaceFighter Productions<\/title>\n<meta name=\"robots\" content=\"index, follow, max-snippet:-1, max-image-preview:large, max-video-preview:-1\" \/>\n<link rel=\"canonical\" href=\"https:\/\/megaspacefighter.com\/en\/o-mnie\/\" \/>\n<meta property=\"og:locale\" content=\"en_US\" \/>\n<meta property=\"og:type\" content=\"article\" \/>\n<meta property=\"og:title\" content=\"O nas - MegaSpaceFighter Productions\" \/>\n<meta property=\"og:description\" content=\"O nas MegaSpaceFighter Productions zaczyna\u0142o jako studio domowe, za\u0142o\u017cone przez Kamila Janko w 2010 roku. Dzisiaj jest ju\u017c pe\u0142noprawn\u0105 firm\u0105 z siedzib\u0105 na warszawskim \u017boliborzu tworzon\u0105 przez kilkunastoosobowy zesp\u00f3\u0142 specjalist\u00f3w w swoich dziedzinach.\u00a0 Studio zajmuje si\u0119 kompleksow\u0105 produkcj\u0105 animacji poklatkowych oraz komputerowych, spot\u00f3w reklamowych i kr\u00f3tkometra\u017cowych film\u00f3w fabularnych. M\u00f3wi si\u0119, \u017ce je\u015bli robisz to, co&hellip; Continue reading &ldquo;O nas&rdquo;&hellip;\" \/>\n<meta property=\"og:url\" content=\"https:\/\/megaspacefighter.com\/en\/o-mnie\/\" \/>\n<meta property=\"og:site_name\" content=\"MegaSpaceFighter Productions\" \/>\n<meta property=\"article:modified_time\" content=\"2025-09-23T14:48:46+00:00\" \/>\n<meta property=\"og:image\" content=\"https:\/\/megaspacefighter.com\/wp-content\/uploads\/2025\/04\/DSC05568.jpg\" \/>\n\t<meta property=\"og:image:width\" content=\"2048\" \/>\n\t<meta property=\"og:image:height\" content=\"1365\" \/>\n\t<meta property=\"og:image:type\" content=\"image\/jpeg\" \/>\n<meta name=\"twitter:card\" content=\"summary_large_image\" \/>\n<meta name=\"twitter:label1\" content=\"Est. reading time\" \/>\n\t<meta name=\"twitter:data1\" content=\"3 minutes\" \/>\n<script type=\"application\/ld+json\" class=\"yoast-schema-graph\">{\"@context\":\"https:\/\/schema.org\",\"@graph\":[{\"@type\":\"WebPage\",\"@id\":\"https:\/\/megaspacefighter.com\/o-mnie\/\",\"url\":\"https:\/\/megaspacefighter.com\/o-mnie\/\",\"name\":\"O nas - MegaSpaceFighter Productions\",\"isPartOf\":{\"@id\":\"https:\/\/megaspacefighter.com\/#website\"},\"primaryImageOfPage\":{\"@id\":\"https:\/\/megaspacefighter.com\/o-mnie\/#primaryimage\"},\"image\":{\"@id\":\"https:\/\/megaspacefighter.com\/o-mnie\/#primaryimage\"},\"thumbnailUrl\":\"https:\/\/megaspacefighter.com\/wp-content\/uploads\/2025\/04\/DSC05568.jpg\",\"datePublished\":\"2020-08-03T18:39:32+00:00\",\"dateModified\":\"2025-09-23T14:48:46+00:00\",\"breadcrumb\":{\"@id\":\"https:\/\/megaspacefighter.com\/o-mnie\/#breadcrumb\"},\"inLanguage\":\"en-US\",\"potentialAction\":[{\"@type\":\"ReadAction\",\"target\":[\"https:\/\/megaspacefighter.com\/o-mnie\/\"]}]},{\"@type\":\"ImageObject\",\"inLanguage\":\"en-US\",\"@id\":\"https:\/\/megaspacefighter.com\/o-mnie\/#primaryimage\",\"url\":\"https:\/\/megaspacefighter.com\/wp-content\/uploads\/2025\/04\/DSC05568.jpg\",\"contentUrl\":\"https:\/\/megaspacefighter.com\/wp-content\/uploads\/2025\/04\/DSC05568.jpg\"},{\"@type\":\"BreadcrumbList\",\"@id\":\"https:\/\/megaspacefighter.com\/o-mnie\/#breadcrumb\",\"itemListElement\":[{\"@type\":\"ListItem\",\"position\":1,\"name\":\"Home\",\"item\":\"https:\/\/megaspacefighter.com\/\"},{\"@type\":\"ListItem\",\"position\":2,\"name\":\"O nas\"}]},{\"@type\":\"WebSite\",\"@id\":\"https:\/\/megaspacefighter.com\/#website\",\"url\":\"https:\/\/megaspacefighter.com\/\",\"name\":\"MegaSpaceFighter Productions\",\"description\":\"Animacja poklatkowa i komputerowa\",\"publisher\":{\"@id\":\"https:\/\/megaspacefighter.com\/#organization\"},\"potentialAction\":[{\"@type\":\"SearchAction\",\"target\":{\"@type\":\"EntryPoint\",\"urlTemplate\":\"https:\/\/megaspacefighter.com\/?s={search_term_string}\"},\"query-input\":{\"@type\":\"PropertyValueSpecification\",\"valueRequired\":true,\"valueName\":\"search_term_string\"}}],\"inLanguage\":\"en-US\"},{\"@type\":\"Organization\",\"@id\":\"https:\/\/megaspacefighter.com\/#organization\",\"name\":\"MegaSpaceFighter Productions\",\"url\":\"https:\/\/megaspacefighter.com\/\",\"logo\":{\"@type\":\"ImageObject\",\"inLanguage\":\"en-US\",\"@id\":\"https:\/\/megaspacefighter.com\/#\/schema\/logo\/image\/\",\"url\":\"https:\/\/megaspacefighter.com\/wp-content\/uploads\/2024\/03\/msf-logo-black.png\",\"contentUrl\":\"https:\/\/megaspacefighter.com\/wp-content\/uploads\/2024\/03\/msf-logo-black.png\",\"width\":1334,\"height\":1334,\"caption\":\"MegaSpaceFighter Productions\"},\"image\":{\"@id\":\"https:\/\/megaspacefighter.com\/#\/schema\/logo\/image\/\"}}]}<\/script>\n<!-- \/ Yoast SEO plugin. -->","yoast_head_json":{"title":"O nas - MegaSpaceFighter Productions","robots":{"index":"index","follow":"follow","max-snippet":"max-snippet:-1","max-image-preview":"max-image-preview:large","max-video-preview":"max-video-preview:-1"},"canonical":"https:\/\/megaspacefighter.com\/en\/o-mnie\/","og_locale":"en_US","og_type":"article","og_title":"O nas - MegaSpaceFighter Productions","og_description":"O nas MegaSpaceFighter Productions zaczyna\u0142o jako studio domowe, za\u0142o\u017cone przez Kamila Janko w 2010 roku. Dzisiaj jest ju\u017c pe\u0142noprawn\u0105 firm\u0105 z siedzib\u0105 na warszawskim \u017boliborzu tworzon\u0105 przez kilkunastoosobowy zesp\u00f3\u0142 specjalist\u00f3w w swoich dziedzinach.\u00a0 Studio zajmuje si\u0119 kompleksow\u0105 produkcj\u0105 animacji poklatkowych oraz komputerowych, spot\u00f3w reklamowych i kr\u00f3tkometra\u017cowych film\u00f3w fabularnych. M\u00f3wi si\u0119, \u017ce je\u015bli robisz to, co&hellip; Continue reading &ldquo;O nas&rdquo;&hellip;","og_url":"https:\/\/megaspacefighter.com\/en\/o-mnie\/","og_site_name":"MegaSpaceFighter Productions","article_modified_time":"2025-09-23T14:48:46+00:00","og_image":[{"width":2048,"height":1365,"url":"https:\/\/megaspacefighter.com\/wp-content\/uploads\/2025\/04\/DSC05568.jpg","type":"image\/jpeg"}],"twitter_card":"summary_large_image","twitter_misc":{"Est. reading time":"3 minutes"},"schema":{"@context":"https:\/\/schema.org","@graph":[{"@type":"WebPage","@id":"https:\/\/megaspacefighter.com\/o-mnie\/","url":"https:\/\/megaspacefighter.com\/o-mnie\/","name":"O nas - MegaSpaceFighter Productions","isPartOf":{"@id":"https:\/\/megaspacefighter.com\/#website"},"primaryImageOfPage":{"@id":"https:\/\/megaspacefighter.com\/o-mnie\/#primaryimage"},"image":{"@id":"https:\/\/megaspacefighter.com\/o-mnie\/#primaryimage"},"thumbnailUrl":"https:\/\/megaspacefighter.com\/wp-content\/uploads\/2025\/04\/DSC05568.jpg","datePublished":"2020-08-03T18:39:32+00:00","dateModified":"2025-09-23T14:48:46+00:00","breadcrumb":{"@id":"https:\/\/megaspacefighter.com\/o-mnie\/#breadcrumb"},"inLanguage":"en-US","potentialAction":[{"@type":"ReadAction","target":["https:\/\/megaspacefighter.com\/o-mnie\/"]}]},{"@type":"ImageObject","inLanguage":"en-US","@id":"https:\/\/megaspacefighter.com\/o-mnie\/#primaryimage","url":"https:\/\/megaspacefighter.com\/wp-content\/uploads\/2025\/04\/DSC05568.jpg","contentUrl":"https:\/\/megaspacefighter.com\/wp-content\/uploads\/2025\/04\/DSC05568.jpg"},{"@type":"BreadcrumbList","@id":"https:\/\/megaspacefighter.com\/o-mnie\/#breadcrumb","itemListElement":[{"@type":"ListItem","position":1,"name":"Home","item":"https:\/\/megaspacefighter.com\/"},{"@type":"ListItem","position":2,"name":"O nas"}]},{"@type":"WebSite","@id":"https:\/\/megaspacefighter.com\/#website","url":"https:\/\/megaspacefighter.com\/","name":"MegaSpaceFighter Productions","description":"Animacja poklatkowa i komputerowa","publisher":{"@id":"https:\/\/megaspacefighter.com\/#organization"},"potentialAction":[{"@type":"SearchAction","target":{"@type":"EntryPoint","urlTemplate":"https:\/\/megaspacefighter.com\/?s={search_term_string}"},"query-input":{"@type":"PropertyValueSpecification","valueRequired":true,"valueName":"search_term_string"}}],"inLanguage":"en-US"},{"@type":"Organization","@id":"https:\/\/megaspacefighter.com\/#organization","name":"MegaSpaceFighter Productions","url":"https:\/\/megaspacefighter.com\/","logo":{"@type":"ImageObject","inLanguage":"en-US","@id":"https:\/\/megaspacefighter.com\/#\/schema\/logo\/image\/","url":"https:\/\/megaspacefighter.com\/wp-content\/uploads\/2024\/03\/msf-logo-black.png","contentUrl":"https:\/\/megaspacefighter.com\/wp-content\/uploads\/2024\/03\/msf-logo-black.png","width":1334,"height":1334,"caption":"MegaSpaceFighter Productions"},"image":{"@id":"https:\/\/megaspacefighter.com\/#\/schema\/logo\/image\/"}}]}},"_links":{"self":[{"href":"https:\/\/megaspacefighter.com\/en\/wp-json\/wp\/v2\/pages\/45","targetHints":{"allow":["GET"]}}],"collection":[{"href":"https:\/\/megaspacefighter.com\/en\/wp-json\/wp\/v2\/pages"}],"about":[{"href":"https:\/\/megaspacefighter.com\/en\/wp-json\/wp\/v2\/types\/page"}],"author":[{"embeddable":true,"href":"https:\/\/megaspacefighter.com\/en\/wp-json\/wp\/v2\/users\/1"}],"replies":[{"embeddable":true,"href":"https:\/\/megaspacefighter.com\/en\/wp-json\/wp\/v2\/comments?post=45"}],"version-history":[{"count":175,"href":"https:\/\/megaspacefighter.com\/en\/wp-json\/wp\/v2\/pages\/45\/revisions"}],"predecessor-version":[{"id":1336,"href":"https:\/\/megaspacefighter.com\/en\/wp-json\/wp\/v2\/pages\/45\/revisions\/1336"}],"wp:attachment":[{"href":"https:\/\/megaspacefighter.com\/en\/wp-json\/wp\/v2\/media?parent=45"}],"curies":[{"name":"wp","href":"https:\/\/api.w.org\/{rel}","templated":true}]}}