{"id":318,"date":"2020-08-09T13:29:08","date_gmt":"2020-08-09T11:29:08","guid":{"rendered":"https:\/\/megaspacefighter.com\/?page_id=318"},"modified":"2021-07-23T23:46:45","modified_gmt":"2021-07-23T21:46:45","slug":"msf-slider","status":"publish","type":"page","link":"https:\/\/megaspacefighter.com\/en\/msf-slider\/","title":{"rendered":"MSF Slider"},"content":{"rendered":"<div data-elementor-type=\"wp-page\" data-elementor-id=\"318\" class=\"elementor elementor-318\">\n\t\t\t\t\t\t<section class=\"elementor-section elementor-top-section elementor-element elementor-element-95ac364 elementor-section-boxed elementor-section-height-default elementor-section-height-default\" data-id=\"95ac364\" data-element_type=\"section\">\n\t\t\t\t\t\t<div class=\"elementor-container elementor-column-gap-default\">\n\t\t\t\t\t<div class=\"elementor-column elementor-col-100 elementor-top-column elementor-element elementor-element-a8c7e4a\" data-id=\"a8c7e4a\" data-element_type=\"column\">\n\t\t\t<div class=\"elementor-widget-wrap elementor-element-populated\">\n\t\t\t\t\t\t<div class=\"elementor-element elementor-element-b2a2ca9 elementor-widget elementor-widget-heading\" data-id=\"b2a2ca9\" data-element_type=\"widget\" data-widget_type=\"heading.default\">\n\t\t\t\t<div class=\"elementor-widget-container\">\n\t\t\t\t\t<h2 class=\"elementor-heading-title elementor-size-default\">MSF Slider<\/h2>\t\t\t\t<\/div>\n\t\t\t\t<\/div>\n\t\t\t\t<div class=\"elementor-element elementor-element-3344390 elementor-widget elementor-widget-image\" data-id=\"3344390\" data-element_type=\"widget\" data-widget_type=\"image.default\">\n\t\t\t\t<div class=\"elementor-widget-container\">\n\t\t\t\t\t\t\t\t\t\t\t\t\t\t\t<img fetchpriority=\"high\" decoding=\"async\" width=\"1024\" height=\"479\" src=\"https:\/\/megaspacefighter.com\/wp-content\/uploads\/2020\/08\/Zrzut-ekranu-2020-08-08-o-21.01.11-1024x479.png\" class=\"attachment-large size-large wp-image-307\" alt=\"\" srcset=\"https:\/\/megaspacefighter.com\/wp-content\/uploads\/2020\/08\/Zrzut-ekranu-2020-08-08-o-21.01.11-1024x479.png 1024w, https:\/\/megaspacefighter.com\/wp-content\/uploads\/2020\/08\/Zrzut-ekranu-2020-08-08-o-21.01.11-300x140.png 300w, https:\/\/megaspacefighter.com\/wp-content\/uploads\/2020\/08\/Zrzut-ekranu-2020-08-08-o-21.01.11-768x359.png 768w, https:\/\/megaspacefighter.com\/wp-content\/uploads\/2020\/08\/Zrzut-ekranu-2020-08-08-o-21.01.11.png 1269w\" sizes=\"(max-width: 1024px) 100vw, 1024px\" \/>\t\t\t\t\t\t\t\t\t\t\t\t\t\t\t<\/div>\n\t\t\t\t<\/div>\n\t\t\t\t<div class=\"elementor-element elementor-element-e4e55ed elementor-widget elementor-widget-text-editor\" data-id=\"e4e55ed\" data-element_type=\"widget\" data-widget_type=\"text-editor.default\">\n\t\t\t\t<div class=\"elementor-widget-container\">\n\t\t\t\t\t\t\t\t\t<p>MSF Slider is our own design of a programmable slider with a pan and tilt head for cameras and film cameras. It is possible to control it through our application in real time using joysticks or use it for stop-motion animation and time-lapses by setting an appropriate timer that moves the machine between successive steps. The application has been equipped with axes with curves for more precise control of acceleration and deacceleration between individual keyframes. What's more, it is also possible to connect the machine itself via a USB cable to a computer, where it is also possible to control it using the Dragonframe program. The presented solution was created as a prototype for our own needs, therefore, if interested, it can be constructed according to individual guidelines. Feel free to contact us!<\/p>\t\t\t\t\t\t\t\t<\/div>\n\t\t\t\t<\/div>\n\t\t\t\t<div class=\"elementor-element elementor-element-78f669e elementor-widget elementor-widget-image\" data-id=\"78f669e\" data-element_type=\"widget\" data-widget_type=\"image.default\">\n\t\t\t\t<div class=\"elementor-widget-container\">\n\t\t\t\t\t\t\t\t\t\t\t\t\t\t\t<img decoding=\"async\" width=\"1024\" height=\"535\" src=\"https:\/\/megaspacefighter.com\/wp-content\/uploads\/2020\/08\/Zrzut-ekranu-2020-08-09-o-13.27.16-1024x535.png\" class=\"attachment-large size-large wp-image-320\" alt=\"\" srcset=\"https:\/\/megaspacefighter.com\/wp-content\/uploads\/2020\/08\/Zrzut-ekranu-2020-08-09-o-13.27.16-1024x535.png 1024w, https:\/\/megaspacefighter.com\/wp-content\/uploads\/2020\/08\/Zrzut-ekranu-2020-08-09-o-13.27.16-300x157.png 300w, https:\/\/megaspacefighter.com\/wp-content\/uploads\/2020\/08\/Zrzut-ekranu-2020-08-09-o-13.27.16-768x401.png 768w, https:\/\/megaspacefighter.com\/wp-content\/uploads\/2020\/08\/Zrzut-ekranu-2020-08-09-o-13.27.16.png 1262w\" sizes=\"(max-width: 1024px) 100vw, 1024px\" \/>\t\t\t\t\t\t\t\t\t\t\t\t\t\t\t<\/div>\n\t\t\t\t<\/div>\n\t\t\t\t<div class=\"elementor-element elementor-element-b0c24af elementor-widget elementor-widget-text-editor\" data-id=\"b0c24af\" data-element_type=\"widget\" data-widget_type=\"text-editor.default\">\n\t\t\t\t<div class=\"elementor-widget-container\">\n\t\t\t\t\t\t\t\t\t<p>Below we invite you to the demo video we prepared, demonstrating the basic capabilities of the machine.<\/p>\t\t\t\t\t\t\t\t<\/div>\n\t\t\t\t<\/div>\n\t\t\t\t<div class=\"elementor-element elementor-element-8c5d65c elementor-widget elementor-widget-video\" data-id=\"8c5d65c\" data-element_type=\"widget\" data-settings=\"{&quot;youtube_url&quot;:&quot;https:\\\/\\\/youtu.be\\\/LZ52B9hFKe4&quot;,&quot;video_type&quot;:&quot;youtube&quot;,&quot;controls&quot;:&quot;yes&quot;}\" data-widget_type=\"video.default\">\n\t\t\t\t<div class=\"elementor-widget-container\">\n\t\t\t\t\t\t\t<div class=\"elementor-wrapper elementor-open-inline\">\n\t\t\t<div class=\"elementor-video\"><\/div>\t\t<\/div>\n\t\t\t\t\t\t<\/div>\n\t\t\t\t<\/div>\n\t\t\t\t<div class=\"elementor-element elementor-element-3e5dc46 elementor-widget elementor-widget-text-editor\" data-id=\"3e5dc46\" data-element_type=\"widget\" data-widget_type=\"text-editor.default\">\n\t\t\t\t<div class=\"elementor-widget-container\">\n\t\t\t\t\t\t\t\t\t<p>The big advantage of our project is the fact that we are still developing it. Thanks to this, e.g. mechanical and electronic parts on the head have a 3D printed housing. Similar changes are planned as replacements for the heavy aluminum legs.&nbsp;<span style=\"color: var(--color_content_text); background-color: var(--color_content_background); font-family: var(--typography_fonts_text); font-size: var(--typography_size_html);\">Recently, it was possible to modify the controller, leading to the complete silence of the machine's operation. The next step will be to change the microprocessor and add a new axis to control the follow focus.&nbsp;<\/span><\/p>\t\t\t\t\t\t\t\t<\/div>\n\t\t\t\t<\/div>\n\t\t\t\t<div class=\"elementor-element elementor-element-9d45d67 elementor-widget elementor-widget-image-gallery\" data-id=\"9d45d67\" data-element_type=\"widget\" data-widget_type=\"image-gallery.default\">\n\t\t\t\t<div class=\"elementor-widget-container\">\n\t\t\t\t\t\t\t<div class=\"elementor-image-gallery\">\n\t\t\t<div id='gallery-1' class='gallery galleryid-318 gallery-columns-5 gallery-size-2048x2048'><figure class='gallery-item'>\n\t\t\t<div class='gallery-icon portrait'>\n\t\t\t\t<a data-elementor-open-lightbox=\"yes\" data-elementor-lightbox-slideshow=\"9d45d67\" data-elementor-lightbox-title=\"IMG_5630\" data-e-action-hash=\"#elementor-action%3Aaction%3Dlightbox%26settings%3DeyJpZCI6NjIyLCJ1cmwiOiJodHRwczpcL1wvbWVnYXNwYWNlZmlnaHRlci5jb21cL3dwLWNvbnRlbnRcL3VwbG9hZHNcLzIwMjFcLzA3XC9JTUdfNTYzMC1zY2FsZWQuanBnIiwic2xpZGVzaG93IjoiOWQ0NWQ2NyJ9\" href='https:\/\/megaspacefighter.com\/wp-content\/uploads\/2021\/07\/IMG_5630-scaled.jpg'><img decoding=\"async\" width=\"1536\" height=\"2048\" src=\"https:\/\/megaspacefighter.com\/wp-content\/uploads\/2021\/07\/IMG_5630-scaled.jpg\" class=\"attachment-2048x2048 size-2048x2048\" alt=\"\" \/><\/a>\n\t\t\t<\/div><\/figure><figure class='gallery-item'>\n\t\t\t<div class='gallery-icon portrait'>\n\t\t\t\t<a data-elementor-open-lightbox=\"yes\" data-elementor-lightbox-slideshow=\"9d45d67\" data-elementor-lightbox-title=\"IMG_4764\" data-e-action-hash=\"#elementor-action%3Aaction%3Dlightbox%26settings%3DeyJpZCI6NTkxLCJ1cmwiOiJodHRwczpcL1wvbWVnYXNwYWNlZmlnaHRlci5jb21cL3dwLWNvbnRlbnRcL3VwbG9hZHNcLzIwMjFcLzA0XC9JTUdfNDc2NC1zY2FsZWQuanBlZyIsInNsaWRlc2hvdyI6IjlkNDVkNjcifQ%3D%3D\" href='https:\/\/megaspacefighter.com\/wp-content\/uploads\/2021\/04\/IMG_4764-scaled.jpeg'><img loading=\"lazy\" decoding=\"async\" width=\"1536\" height=\"2048\" src=\"https:\/\/megaspacefighter.com\/wp-content\/uploads\/2021\/04\/IMG_4764-1536x2048.jpeg\" class=\"attachment-2048x2048 size-2048x2048\" alt=\"\" srcset=\"https:\/\/megaspacefighter.com\/wp-content\/uploads\/2021\/04\/IMG_4764-1536x2048.jpeg 1536w, https:\/\/megaspacefighter.com\/wp-content\/uploads\/2021\/04\/IMG_4764-225x300.jpeg 225w, https:\/\/megaspacefighter.com\/wp-content\/uploads\/2021\/04\/IMG_4764-768x1024.jpeg 768w, https:\/\/megaspacefighter.com\/wp-content\/uploads\/2021\/04\/IMG_4764-1152x1536.jpeg 1152w, https:\/\/megaspacefighter.com\/wp-content\/uploads\/2021\/04\/IMG_4764-scaled.jpeg 1920w\" sizes=\"(max-width: 1536px) 100vw, 1536px\" \/><\/a>\n\t\t\t<\/div><\/figure><figure class='gallery-item'>\n\t\t\t<div class='gallery-icon portrait'>\n\t\t\t\t<a data-elementor-open-lightbox=\"yes\" data-elementor-lightbox-slideshow=\"9d45d67\" data-elementor-lightbox-title=\"IMG_5615\" data-e-action-hash=\"#elementor-action%3Aaction%3Dlightbox%26settings%3DeyJpZCI6NjE5LCJ1cmwiOiJodHRwczpcL1wvbWVnYXNwYWNlZmlnaHRlci5jb21cL3dwLWNvbnRlbnRcL3VwbG9hZHNcLzIwMjFcLzA3XC9JTUdfNTYxNS1zY2FsZWQuanBnIiwic2xpZGVzaG93IjoiOWQ0NWQ2NyJ9\" href='https:\/\/megaspacefighter.com\/wp-content\/uploads\/2021\/07\/IMG_5615-scaled.jpg'><img loading=\"lazy\" decoding=\"async\" width=\"1536\" height=\"2048\" src=\"https:\/\/megaspacefighter.com\/wp-content\/uploads\/2021\/07\/IMG_5615-1536x2048.jpg\" class=\"attachment-2048x2048 size-2048x2048\" alt=\"\" srcset=\"https:\/\/megaspacefighter.com\/wp-content\/uploads\/2021\/07\/IMG_5615-1536x2048.jpg 1536w, https:\/\/megaspacefighter.com\/wp-content\/uploads\/2021\/07\/IMG_5615-225x300.jpg 225w, https:\/\/megaspacefighter.com\/wp-content\/uploads\/2021\/07\/IMG_5615-768x1024.jpg 768w, https:\/\/megaspacefighter.com\/wp-content\/uploads\/2021\/07\/IMG_5615-1152x1536.jpg 1152w, https:\/\/megaspacefighter.com\/wp-content\/uploads\/2021\/07\/IMG_5615-scaled.jpg 1920w\" sizes=\"(max-width: 1536px) 100vw, 1536px\" \/><\/a>\n\t\t\t<\/div><\/figure><figure class='gallery-item'>\n\t\t\t<div class='gallery-icon portrait'>\n\t\t\t\t<a data-elementor-open-lightbox=\"yes\" data-elementor-lightbox-slideshow=\"9d45d67\" data-elementor-lightbox-title=\"IMG_3066\" data-e-action-hash=\"#elementor-action%3Aaction%3Dlightbox%26settings%3DeyJpZCI6NjI0LCJ1cmwiOiJodHRwczpcL1wvbWVnYXNwYWNlZmlnaHRlci5jb21cL3dwLWNvbnRlbnRcL3VwbG9hZHNcLzIwMjFcLzA3XC9JTUdfMzA2Ni1zY2FsZWQuanBnIiwic2xpZGVzaG93IjoiOWQ0NWQ2NyJ9\" href='https:\/\/megaspacefighter.com\/wp-content\/uploads\/2021\/07\/IMG_3066-scaled.jpg'><img loading=\"lazy\" decoding=\"async\" width=\"1536\" height=\"2048\" src=\"https:\/\/megaspacefighter.com\/wp-content\/uploads\/2021\/07\/IMG_3066-1536x2048.jpg\" class=\"attachment-2048x2048 size-2048x2048\" alt=\"\" srcset=\"https:\/\/megaspacefighter.com\/wp-content\/uploads\/2021\/07\/IMG_3066-1536x2048.jpg 1536w, https:\/\/megaspacefighter.com\/wp-content\/uploads\/2021\/07\/IMG_3066-225x300.jpg 225w, https:\/\/megaspacefighter.com\/wp-content\/uploads\/2021\/07\/IMG_3066-768x1024.jpg 768w, https:\/\/megaspacefighter.com\/wp-content\/uploads\/2021\/07\/IMG_3066-1152x1536.jpg 1152w, https:\/\/megaspacefighter.com\/wp-content\/uploads\/2021\/07\/IMG_3066-scaled.jpg 1920w\" sizes=\"(max-width: 1536px) 100vw, 1536px\" \/><\/a>\n\t\t\t<\/div><\/figure>\n\t\t<\/div>\n\t\t<\/div>\n\t\t\t\t\t\t<\/div>\n\t\t\t\t<\/div>\n\t\t\t\t<div class=\"elementor-element elementor-element-da5038c elementor-widget elementor-widget-text-editor\" data-id=\"da5038c\" data-element_type=\"widget\" data-widget_type=\"text-editor.default\">\n\t\t\t\t<div class=\"elementor-widget-container\">\n\t\t\t\t\t\t\t\t\t<p>In the photo below, an example of using the machine in the project of YouTuber Brick FORCE Studios in the movie \"Mr. bag.\" Thanks to its application, it was possible to realize interesting dolly sequences of car passages with extreme precision and in a much shorter time than it would be if the entire movement was animated manually.\u00a0<\/p>\t\t\t\t\t\t\t\t<\/div>\n\t\t\t\t<\/div>\n\t\t\t\t<div class=\"elementor-element elementor-element-c55b4db elementor-widget elementor-widget-image\" data-id=\"c55b4db\" data-element_type=\"widget\" data-widget_type=\"image.default\">\n\t\t\t\t<div class=\"elementor-widget-container\">\n\t\t\t\t\t\t\t\t\t\t\t\t\t\t\t<img loading=\"lazy\" decoding=\"async\" width=\"1627\" height=\"1593\" src=\"https:\/\/megaspacefighter.com\/wp-content\/uploads\/2021\/03\/IMG_3078.jpg\" class=\"attachment-2048x2048 size-2048x2048 wp-image-429\" alt=\"\" srcset=\"https:\/\/megaspacefighter.com\/wp-content\/uploads\/2021\/03\/IMG_3078.jpg 1627w, https:\/\/megaspacefighter.com\/wp-content\/uploads\/2021\/03\/IMG_3078-300x294.jpg 300w, https:\/\/megaspacefighter.com\/wp-content\/uploads\/2021\/03\/IMG_3078-1024x1003.jpg 1024w, https:\/\/megaspacefighter.com\/wp-content\/uploads\/2021\/03\/IMG_3078-768x752.jpg 768w, https:\/\/megaspacefighter.com\/wp-content\/uploads\/2021\/03\/IMG_3078-1536x1504.jpg 1536w\" sizes=\"(max-width: 1627px) 100vw, 1627px\" \/>\t\t\t\t\t\t\t\t\t\t\t\t\t\t\t<\/div>\n\t\t\t\t<\/div>\n\t\t\t\t\t<\/div>\n\t\t<\/div>\n\t\t\t\t\t<\/div>\n\t\t<\/section>\n\t\t\t\t<\/div>","protected":false},"excerpt":{"rendered":"<div class=\"entry-summary\">\nMSF Slider MSF Slider to nasza autorska konstrukcja programowalnego slidera z g\u0142owic\u0105 pan i tilt pod aparaty i kamery filmowe. Mo\u017cliwe jest sterowanie ni\u0105 poprzez nasz\u0105 aplikacj\u0119 w czasie rzeczywistym za pomoc\u0105 joystick\u00f3w lub wykorzystanie do animacji poklatkowej i time-laps\u00f3w poprzez ustawienie odpowiedniego timera przesuwaj\u0105cego maszyn\u0119 pomi\u0119dzy kolejnymi krokami. Aplikacja zosta\u0142a wyposa\u017cona w osie z&hellip;\n<\/div>\n<div class=\"link-more\"><a href=\"https:\/\/megaspacefighter.com\/en\/msf-slider\/\" class=\"more-link\">Continue reading<span class=\"screen-reader-text\"> &ldquo;MSF Slider&rdquo;<\/span>&hellip;<\/a><\/div>","protected":false},"author":1,"featured_media":0,"parent":0,"menu_order":0,"comment_status":"closed","ping_status":"closed","template":"templates\/no-intro.php","meta":{"_acf_changed":false,"footnotes":""},"class_list":["post-318","page","type-page","status-publish","hentry","entry"],"acf":[],"yoast_head":"<!-- This site is optimized with the Yoast SEO plugin v26.7 - https:\/\/yoast.com\/wordpress\/plugins\/seo\/ -->\n<title>MSF Slider - MegaSpaceFighter Productions<\/title>\n<meta name=\"robots\" content=\"index, follow, max-snippet:-1, max-image-preview:large, max-video-preview:-1\" \/>\n<link rel=\"canonical\" href=\"https:\/\/megaspacefighter.com\/en\/msf-slider\/\" \/>\n<meta property=\"og:locale\" content=\"en_US\" \/>\n<meta property=\"og:type\" content=\"article\" \/>\n<meta property=\"og:title\" content=\"MSF Slider - MegaSpaceFighter Productions\" \/>\n<meta property=\"og:description\" content=\"MSF Slider MSF Slider to nasza autorska konstrukcja programowalnego slidera z g\u0142owic\u0105 pan i tilt pod aparaty i kamery filmowe. Mo\u017cliwe jest sterowanie ni\u0105 poprzez nasz\u0105 aplikacj\u0119 w czasie rzeczywistym za pomoc\u0105 joystick\u00f3w lub wykorzystanie do animacji poklatkowej i time-laps\u00f3w poprzez ustawienie odpowiedniego timera przesuwaj\u0105cego maszyn\u0119 pomi\u0119dzy kolejnymi krokami. Aplikacja zosta\u0142a wyposa\u017cona w osie z&hellip; Continue reading &ldquo;MSF Slider&rdquo;&hellip;\" \/>\n<meta property=\"og:url\" content=\"https:\/\/megaspacefighter.com\/en\/msf-slider\/\" \/>\n<meta property=\"og:site_name\" content=\"MegaSpaceFighter Productions\" \/>\n<meta property=\"article:modified_time\" content=\"2021-07-23T21:46:45+00:00\" \/>\n<meta property=\"og:image\" content=\"https:\/\/megaspacefighter.com\/wp-content\/uploads\/2020\/08\/Zrzut-ekranu-2020-08-08-o-21.01.11-1024x479.png\" \/>\n<meta name=\"twitter:card\" content=\"summary_large_image\" \/>\n<meta name=\"twitter:label1\" content=\"Est. reading time\" \/>\n\t<meta name=\"twitter:data1\" content=\"3 minutes\" \/>\n<script type=\"application\/ld+json\" class=\"yoast-schema-graph\">{\"@context\":\"https:\/\/schema.org\",\"@graph\":[{\"@type\":\"WebPage\",\"@id\":\"https:\/\/megaspacefighter.com\/msf-slider\/\",\"url\":\"https:\/\/megaspacefighter.com\/msf-slider\/\",\"name\":\"MSF Slider - MegaSpaceFighter Productions\",\"isPartOf\":{\"@id\":\"https:\/\/megaspacefighter.com\/#website\"},\"primaryImageOfPage\":{\"@id\":\"https:\/\/megaspacefighter.com\/msf-slider\/#primaryimage\"},\"image\":{\"@id\":\"https:\/\/megaspacefighter.com\/msf-slider\/#primaryimage\"},\"thumbnailUrl\":\"https:\/\/megaspacefighter.com\/wp-content\/uploads\/2020\/08\/Zrzut-ekranu-2020-08-08-o-21.01.11-1024x479.png\",\"datePublished\":\"2020-08-09T11:29:08+00:00\",\"dateModified\":\"2021-07-23T21:46:45+00:00\",\"breadcrumb\":{\"@id\":\"https:\/\/megaspacefighter.com\/msf-slider\/#breadcrumb\"},\"inLanguage\":\"en-US\",\"potentialAction\":[{\"@type\":\"ReadAction\",\"target\":[\"https:\/\/megaspacefighter.com\/msf-slider\/\"]}]},{\"@type\":\"ImageObject\",\"inLanguage\":\"en-US\",\"@id\":\"https:\/\/megaspacefighter.com\/msf-slider\/#primaryimage\",\"url\":\"https:\/\/megaspacefighter.com\/wp-content\/uploads\/2020\/08\/Zrzut-ekranu-2020-08-08-o-21.01.11-1024x479.png\",\"contentUrl\":\"https:\/\/megaspacefighter.com\/wp-content\/uploads\/2020\/08\/Zrzut-ekranu-2020-08-08-o-21.01.11-1024x479.png\"},{\"@type\":\"BreadcrumbList\",\"@id\":\"https:\/\/megaspacefighter.com\/msf-slider\/#breadcrumb\",\"itemListElement\":[{\"@type\":\"ListItem\",\"position\":1,\"name\":\"Home\",\"item\":\"https:\/\/megaspacefighter.com\/\"},{\"@type\":\"ListItem\",\"position\":2,\"name\":\"MSF Slider\"}]},{\"@type\":\"WebSite\",\"@id\":\"https:\/\/megaspacefighter.com\/#website\",\"url\":\"https:\/\/megaspacefighter.com\/\",\"name\":\"MegaSpaceFighter Productions\",\"description\":\"Animacja poklatkowa i komputerowa\",\"publisher\":{\"@id\":\"https:\/\/megaspacefighter.com\/#organization\"},\"potentialAction\":[{\"@type\":\"SearchAction\",\"target\":{\"@type\":\"EntryPoint\",\"urlTemplate\":\"https:\/\/megaspacefighter.com\/?s={search_term_string}\"},\"query-input\":{\"@type\":\"PropertyValueSpecification\",\"valueRequired\":true,\"valueName\":\"search_term_string\"}}],\"inLanguage\":\"en-US\"},{\"@type\":\"Organization\",\"@id\":\"https:\/\/megaspacefighter.com\/#organization\",\"name\":\"MegaSpaceFighter Productions\",\"url\":\"https:\/\/megaspacefighter.com\/\",\"logo\":{\"@type\":\"ImageObject\",\"inLanguage\":\"en-US\",\"@id\":\"https:\/\/megaspacefighter.com\/#\/schema\/logo\/image\/\",\"url\":\"https:\/\/megaspacefighter.com\/wp-content\/uploads\/2024\/03\/msf-logo-black.png\",\"contentUrl\":\"https:\/\/megaspacefighter.com\/wp-content\/uploads\/2024\/03\/msf-logo-black.png\",\"width\":1334,\"height\":1334,\"caption\":\"MegaSpaceFighter Productions\"},\"image\":{\"@id\":\"https:\/\/megaspacefighter.com\/#\/schema\/logo\/image\/\"}}]}<\/script>\n<!-- \/ Yoast SEO plugin. -->","yoast_head_json":{"title":"MSF Slider - MegaSpaceFighter Productions","robots":{"index":"index","follow":"follow","max-snippet":"max-snippet:-1","max-image-preview":"max-image-preview:large","max-video-preview":"max-video-preview:-1"},"canonical":"https:\/\/megaspacefighter.com\/en\/msf-slider\/","og_locale":"en_US","og_type":"article","og_title":"MSF Slider - MegaSpaceFighter Productions","og_description":"MSF Slider MSF Slider to nasza autorska konstrukcja programowalnego slidera z g\u0142owic\u0105 pan i tilt pod aparaty i kamery filmowe. Mo\u017cliwe jest sterowanie ni\u0105 poprzez nasz\u0105 aplikacj\u0119 w czasie rzeczywistym za pomoc\u0105 joystick\u00f3w lub wykorzystanie do animacji poklatkowej i time-laps\u00f3w poprzez ustawienie odpowiedniego timera przesuwaj\u0105cego maszyn\u0119 pomi\u0119dzy kolejnymi krokami. Aplikacja zosta\u0142a wyposa\u017cona w osie z&hellip; Continue reading &ldquo;MSF Slider&rdquo;&hellip;","og_url":"https:\/\/megaspacefighter.com\/en\/msf-slider\/","og_site_name":"MegaSpaceFighter Productions","article_modified_time":"2021-07-23T21:46:45+00:00","og_image":[{"url":"https:\/\/megaspacefighter.com\/wp-content\/uploads\/2020\/08\/Zrzut-ekranu-2020-08-08-o-21.01.11-1024x479.png","type":"","width":"","height":""}],"twitter_card":"summary_large_image","twitter_misc":{"Est. reading time":"3 minutes"},"schema":{"@context":"https:\/\/schema.org","@graph":[{"@type":"WebPage","@id":"https:\/\/megaspacefighter.com\/msf-slider\/","url":"https:\/\/megaspacefighter.com\/msf-slider\/","name":"MSF Slider - MegaSpaceFighter Productions","isPartOf":{"@id":"https:\/\/megaspacefighter.com\/#website"},"primaryImageOfPage":{"@id":"https:\/\/megaspacefighter.com\/msf-slider\/#primaryimage"},"image":{"@id":"https:\/\/megaspacefighter.com\/msf-slider\/#primaryimage"},"thumbnailUrl":"https:\/\/megaspacefighter.com\/wp-content\/uploads\/2020\/08\/Zrzut-ekranu-2020-08-08-o-21.01.11-1024x479.png","datePublished":"2020-08-09T11:29:08+00:00","dateModified":"2021-07-23T21:46:45+00:00","breadcrumb":{"@id":"https:\/\/megaspacefighter.com\/msf-slider\/#breadcrumb"},"inLanguage":"en-US","potentialAction":[{"@type":"ReadAction","target":["https:\/\/megaspacefighter.com\/msf-slider\/"]}]},{"@type":"ImageObject","inLanguage":"en-US","@id":"https:\/\/megaspacefighter.com\/msf-slider\/#primaryimage","url":"https:\/\/megaspacefighter.com\/wp-content\/uploads\/2020\/08\/Zrzut-ekranu-2020-08-08-o-21.01.11-1024x479.png","contentUrl":"https:\/\/megaspacefighter.com\/wp-content\/uploads\/2020\/08\/Zrzut-ekranu-2020-08-08-o-21.01.11-1024x479.png"},{"@type":"BreadcrumbList","@id":"https:\/\/megaspacefighter.com\/msf-slider\/#breadcrumb","itemListElement":[{"@type":"ListItem","position":1,"name":"Home","item":"https:\/\/megaspacefighter.com\/"},{"@type":"ListItem","position":2,"name":"MSF Slider"}]},{"@type":"WebSite","@id":"https:\/\/megaspacefighter.com\/#website","url":"https:\/\/megaspacefighter.com\/","name":"MegaSpaceFighter Productions","description":"Animacja poklatkowa i komputerowa","publisher":{"@id":"https:\/\/megaspacefighter.com\/#organization"},"potentialAction":[{"@type":"SearchAction","target":{"@type":"EntryPoint","urlTemplate":"https:\/\/megaspacefighter.com\/?s={search_term_string}"},"query-input":{"@type":"PropertyValueSpecification","valueRequired":true,"valueName":"search_term_string"}}],"inLanguage":"en-US"},{"@type":"Organization","@id":"https:\/\/megaspacefighter.com\/#organization","name":"MegaSpaceFighter Productions","url":"https:\/\/megaspacefighter.com\/","logo":{"@type":"ImageObject","inLanguage":"en-US","@id":"https:\/\/megaspacefighter.com\/#\/schema\/logo\/image\/","url":"https:\/\/megaspacefighter.com\/wp-content\/uploads\/2024\/03\/msf-logo-black.png","contentUrl":"https:\/\/megaspacefighter.com\/wp-content\/uploads\/2024\/03\/msf-logo-black.png","width":1334,"height":1334,"caption":"MegaSpaceFighter Productions"},"image":{"@id":"https:\/\/megaspacefighter.com\/#\/schema\/logo\/image\/"}}]}},"_links":{"self":[{"href":"https:\/\/megaspacefighter.com\/en\/wp-json\/wp\/v2\/pages\/318","targetHints":{"allow":["GET"]}}],"collection":[{"href":"https:\/\/megaspacefighter.com\/en\/wp-json\/wp\/v2\/pages"}],"about":[{"href":"https:\/\/megaspacefighter.com\/en\/wp-json\/wp\/v2\/types\/page"}],"author":[{"embeddable":true,"href":"https:\/\/megaspacefighter.com\/en\/wp-json\/wp\/v2\/users\/1"}],"replies":[{"embeddable":true,"href":"https:\/\/megaspacefighter.com\/en\/wp-json\/wp\/v2\/comments?post=318"}],"version-history":[{"count":42,"href":"https:\/\/megaspacefighter.com\/en\/wp-json\/wp\/v2\/pages\/318\/revisions"}],"predecessor-version":[{"id":631,"href":"https:\/\/megaspacefighter.com\/en\/wp-json\/wp\/v2\/pages\/318\/revisions\/631"}],"wp:attachment":[{"href":"https:\/\/megaspacefighter.com\/en\/wp-json\/wp\/v2\/media?parent=318"}],"curies":[{"name":"wp","href":"https:\/\/api.w.org\/{rel}","templated":true}]}}